{"id":86,"date":"2024-04-26T14:19:39","date_gmt":"2024-04-26T12:19:39","guid":{"rendered":"https:\/\/missgraphique.fr\/?page_id=86"},"modified":"2026-01-26T10:45:54","modified_gmt":"2026-01-26T09:45:54","slug":"contact","status":"publish","type":"page","link":"https:\/\/missgraphique.fr\/index.php\/contact\/","title":{"rendered":"CONTACTEZ-MOI"},"content":{"rendered":"\n<p class=\"has-text-align-center has-medium-font-size\">N&rsquo;h\u00e9sitez pas \u00e0 me contacter pour votre projet, <br>c&rsquo;est avec joie que je serais \u00e0 l&rsquo;\u00e9coute de vos besoins.<\/p>\n\n\n\n<div style=\"height:10px\" aria-hidden=\"true\" class=\"wp-block-spacer\"><\/div>\n\n\n\n<hr class=\"wp-block-separator has-alpha-channel-opacity\"\/>\n\n\n\n<div style=\"height:28px\" aria-hidden=\"true\" class=\"wp-block-spacer\"><\/div>\n\n\n\n<p class=\"has-text-align-center has-accent-color has-text-color has-link-color wp-elements-d656127dbdadb067c3c46f009e00559b\"><strong>MISS GRAPHIQUE<\/strong><\/p>\n\n\n\n<p class=\"has-text-align-center\"><strong>Sabrina Belhoute \/ Graphiste Freelance<\/strong><br><a href=\"mailto:sabrina@missgraphique.fr\" target=\"_blank\" rel=\"noreferrer noopener\">sabrina@missgraphique.fr<\/a><\/p>\n\n\n\n<p class=\"has-text-align-center has-small-font-size\">SIRET : 520 161 712 000 36<\/p>\n\n\n\n<div style=\"height:50px\" aria-hidden=\"true\" class=\"wp-block-spacer\"><\/div>\n","protected":false},"excerpt":{"rendered":"<p>N&rsquo;h\u00e9sitez pas \u00e0 me contacter pour votre projet, c&rsquo;est avec joie que je serais \u00e0 l&rsquo;\u00e9coute de vos besoins. MISS GRAPHIQUE Sabrina Belhoute \/ Graphiste Freelancesabrina@missgraphique.fr SIRET : 520 161 712 000 36<\/p>\n","protected":false},"author":1,"featured_media":0,"parent":0,"menu_order":0,"comment_status":"closed","ping_status":"closed","template":"","meta":{"footnotes":""},"class_list":["post-86","page","type-page","status-publish","hentry"],"_links":{"self":[{"href":"https:\/\/missgraphique.fr\/index.php\/wp-json\/wp\/v2\/pages\/86","targetHints":{"allow":["GET"]}}],"collection":[{"href":"https:\/\/missgraphique.fr\/index.php\/wp-json\/wp\/v2\/pages"}],"about":[{"href":"https:\/\/missgraphique.fr\/index.php\/wp-json\/wp\/v2\/types\/page"}],"author":[{"embeddable":true,"href":"https:\/\/missgraphique.fr\/index.php\/wp-json\/wp\/v2\/users\/1"}],"replies":[{"embeddable":true,"href":"https:\/\/missgraphique.fr\/index.php\/wp-json\/wp\/v2\/comments?post=86"}],"version-history":[{"count":39,"href":"https:\/\/missgraphique.fr\/index.php\/wp-json\/wp\/v2\/pages\/86\/revisions"}],"predecessor-version":[{"id":496,"href":"https:\/\/missgraphique.fr\/index.php\/wp-json\/wp\/v2\/pages\/86\/revisions\/496"}],"wp:attachment":[{"href":"https:\/\/missgraphique.fr\/index.php\/wp-json\/wp\/v2\/media?parent=86"}],"curies":[{"name":"wp","href":"https:\/\/api.w.org\/{rel}","templated":true}]}}