{"id":72,"date":"2024-04-26T13:38:20","date_gmt":"2024-04-26T11:38:20","guid":{"rendered":"https:\/\/missgraphique.fr\/?page_id=72"},"modified":"2026-01-26T10:36:47","modified_gmt":"2026-01-26T09:36:47","slug":"mais-pas-seulement","status":"publish","type":"page","link":"https:\/\/missgraphique.fr\/index.php\/mais-pas-seulement\/","title":{"rendered":"AU-DEL\u00c0 DU POWERPOINT"},"content":{"rendered":"\n<p class=\"has-text-align-center has-accent-color has-text-color has-link-color has-medium-font-size wp-elements-efa5d0ce3013abbfb93f25c3e2c5616c\"><strong>Besoin de supports de communication qui font la diff\u00e9rence ?<\/strong><\/p>\n\n\n\n<p class=\"has-text-align-center\">Print, branding, PLV, packaging, supports commerciaux <br>ou visuels impactants pour vos r\u00e9seaux sociaux&#8230;<br><br>Sp\u00e9cialis\u00e9e en\u00a0pr\u00e9sentation PowerPoint, <br>mon expertise s\u2019inscrit dans une\u00a0approche globale du design.<br>Elle s\u2019appuie sur une solide exp\u00e9rience en\u00a0design graphique et communication visuelle, <br>me permettant de vous accompagner \u00e9galement sur des\u00a0projets print\u00a0<br>et des supports de communication plus larges.<\/p>\n\n\n\n<hr class=\"wp-block-separator has-alpha-channel-opacity\"\/>\n\n\n\n<div style=\"height:25px\" aria-hidden=\"true\" class=\"wp-block-spacer\"><\/div>\n\n\n\n<div id=\"envira-gallery-wrap-261\" class=\"envira-gallery-wrap envira-gallery-theme-base envira-lightbox-theme-base\" itemscope itemtype=\"https:\/\/schema.org\/ImageGallery\"><div data-row-height=\"150\" data-gallery-theme=\"normal\" id=\"envira-gallery-261\" class=\"envira-gallery-public envira-gallery-justified-public envira-gallery-0-columns envira-clear enviratope envira-gallery-css-animations\" data-envira-columns=\"0\"><div id=\"envira-gallery-item-267\" class=\"envira-gallery-item enviratope-item envira-gallery-item-1 envira-lazy-load\" style=\"padding-left: 5px; padding-bottom: 10px; padding-right: 5px;\"  itemscope itemtype=\"https:\/\/schema.org\/ImageObject\"><div class=\"envira-gallery-item-inner\"><div class=\"envira-gallery-position-overlay  envira-gallery-top-left\"><\/div><div class=\"envira-gallery-position-overlay  envira-gallery-top-right\"><\/div><div class=\"envira-gallery-position-overlay  envira-gallery-bottom-left\"><\/div><div class=\"envira-gallery-position-overlay  envira-gallery-bottom-right\"><\/div><a href=\"https:\/\/missgraphique.fr\/wp-content\/uploads\/2025\/03\/CCN-Umanens.jpg\" class=\"envira-gallery-261 envira-gallery-link\" rel=\"enviragallery261\" title=\"Gamme de plaquettes pour la mutuelle UMANENS\" data-envira-caption=\"Gamme de plaquettes pour la mutuelle UMANENS\" data-envira-retina=\"\" data-thumbnail=\"\"  itemprop=\"contentUrl\"><img decoding=\"async\" id=\"envira-gallery-image-267\" class=\"envira-gallery-image envira-gallery-image-1 envira-normal envira-lazy\" data-envira-index=\"1\" src=\"https:\/\/missgraphique.fr\/wp-content\/uploads\/2025\/03\/CCN-Umanens-1024x682-640x480.jpg\" data-envira-src=\"https:\/\/missgraphique.fr\/wp-content\/uploads\/2025\/03\/CCN-Umanens-1024x682-640x480.jpg\" data-envira-gallery-id=\"261\" data-envira-item-id=\"267\" data-envira-caption=\"Gamme de plaquettes pour la mutuelle UMANENS\" alt=\"\" title=\"Gamme de plaquettes pour la mutuelle UMANENS\"  itemprop=\"thumbnailUrl\" data-envira-srcset=\"https:\/\/missgraphique.fr\/wp-content\/uploads\/2025\/03\/CCN-Umanens-1024x682-640x480.jpg 400w,https:\/\/missgraphique.fr\/wp-content\/uploads\/2025\/03\/CCN-Umanens-1024x682-640x480.jpg 2x\" data-envira-width=\"300\" data-envira-height=\"200\" srcset=\"data:image\/gif;base64,R0lGODlhAQABAIAAAP\/\/\/\/\/\/\/yH5BAEKAAEALAAAAAABAAEAAAICTAEAOw==\" data-safe-src=\"data:image\/gif;base64,R0lGODlhAQABAIAAAP\/\/\/\/\/\/\/yH5BAEKAAEALAAAAAABAAEAAAICTAEAOw==\" \/><\/a><\/div><\/div><div id=\"envira-gallery-item-266\" class=\"envira-gallery-item enviratope-item envira-gallery-item-2 envira-lazy-load\" style=\"padding-left: 5px; padding-bottom: 10px; padding-right: 5px;\"  itemscope itemtype=\"https:\/\/schema.org\/ImageObject\"><div class=\"envira-gallery-item-inner\"><div class=\"envira-gallery-position-overlay  envira-gallery-top-left\"><\/div><div class=\"envira-gallery-position-overlay  envira-gallery-top-right\"><\/div><div class=\"envira-gallery-position-overlay  envira-gallery-bottom-left\"><\/div><div class=\"envira-gallery-position-overlay  envira-gallery-bottom-right\"><\/div><a href=\"https:\/\/missgraphique.fr\/wp-content\/uploads\/2025\/03\/Plaquette-Umanens.jpg\" class=\"envira-gallery-261 envira-gallery-link\" rel=\"enviragallery261\" title=\"Plaquette CCN du Tourisme pour la mutuelle UMANENS\" data-envira-caption=\"Plaquette CCN du Tourisme pour la mutuelle UMANENS\" data-envira-retina=\"\" data-thumbnail=\"\"  itemprop=\"contentUrl\"><img decoding=\"async\" id=\"envira-gallery-image-266\" class=\"envira-gallery-image envira-gallery-image-2 envira-normal envira-lazy\" data-envira-index=\"2\" src=\"https:\/\/missgraphique.fr\/wp-content\/uploads\/2025\/03\/Plaquette-Umanens-1024x712-640x480.jpg\" data-envira-src=\"https:\/\/missgraphique.fr\/wp-content\/uploads\/2025\/03\/Plaquette-Umanens-1024x712-640x480.jpg\" data-envira-gallery-id=\"261\" data-envira-item-id=\"266\" data-envira-caption=\"Plaquette CCN du Tourisme pour la mutuelle UMANENS\" alt=\"\" title=\"Plaquette CCN du Tourisme pour la mutuelle UMANENS\"  itemprop=\"thumbnailUrl\" data-envira-srcset=\"https:\/\/missgraphique.fr\/wp-content\/uploads\/2025\/03\/Plaquette-Umanens-1024x712-640x480.jpg 400w,https:\/\/missgraphique.fr\/wp-content\/uploads\/2025\/03\/Plaquette-Umanens-1024x712-640x480.jpg 2x\" data-envira-width=\"300\" data-envira-height=\"209\" srcset=\"data:image\/gif;base64,R0lGODlhAQABAIAAAP\/\/\/\/\/\/\/yH5BAEKAAEALAAAAAABAAEAAAICTAEAOw==\" data-safe-src=\"data:image\/gif;base64,R0lGODlhAQABAIAAAP\/\/\/\/\/\/\/yH5BAEKAAEALAAAAAABAAEAAAICTAEAOw==\" \/><\/a><\/div><\/div><div id=\"envira-gallery-item-263\" class=\"envira-gallery-item enviratope-item envira-gallery-item-3 envira-lazy-load\" style=\"padding-left: 5px; padding-bottom: 10px; padding-right: 5px;\"  itemscope itemtype=\"https:\/\/schema.org\/ImageObject\"><div class=\"envira-gallery-item-inner\"><div class=\"envira-gallery-position-overlay  envira-gallery-top-left\"><\/div><div class=\"envira-gallery-position-overlay  envira-gallery-top-right\"><\/div><div class=\"envira-gallery-position-overlay  envira-gallery-bottom-left\"><\/div><div class=\"envira-gallery-position-overlay  envira-gallery-bottom-right\"><\/div><a href=\"https:\/\/missgraphique.fr\/wp-content\/uploads\/2025\/03\/Fyer-Umanens.jpg\" class=\"envira-gallery-261 envira-gallery-link\" rel=\"enviragallery261\" title=\"Flyers pour la mutuelle UMANENS\" data-envira-caption=\"Flyers pour la mutuelle UMANENS\" data-envira-retina=\"\" data-thumbnail=\"\"  itemprop=\"contentUrl\"><img decoding=\"async\" id=\"envira-gallery-image-263\" class=\"envira-gallery-image envira-gallery-image-3 envira-normal envira-lazy\" data-envira-index=\"3\" src=\"https:\/\/missgraphique.fr\/wp-content\/uploads\/2025\/03\/Fyer-Umanens-1024x684-640x480.jpg\" data-envira-src=\"https:\/\/missgraphique.fr\/wp-content\/uploads\/2025\/03\/Fyer-Umanens-1024x684-640x480.jpg\" data-envira-gallery-id=\"261\" data-envira-item-id=\"263\" data-envira-caption=\"Flyers pour la mutuelle UMANENS\" alt=\"\" title=\"Flyers pour la mutuelle UMANENS\"  itemprop=\"thumbnailUrl\" data-envira-srcset=\"https:\/\/missgraphique.fr\/wp-content\/uploads\/2025\/03\/Fyer-Umanens-1024x684-640x480.jpg 400w,https:\/\/missgraphique.fr\/wp-content\/uploads\/2025\/03\/Fyer-Umanens-1024x684-640x480.jpg 2x\" data-envira-width=\"300\" data-envira-height=\"200\" srcset=\"data:image\/gif;base64,R0lGODlhAQABAIAAAP\/\/\/\/\/\/\/yH5BAEKAAEALAAAAAABAAEAAAICTAEAOw==\" data-safe-src=\"data:image\/gif;base64,R0lGODlhAQABAIAAAP\/\/\/\/\/\/\/yH5BAEKAAEALAAAAAABAAEAAAICTAEAOw==\" \/><\/a><\/div><\/div><div id=\"envira-gallery-item-262\" class=\"envira-gallery-item enviratope-item envira-gallery-item-4 envira-lazy-load\" style=\"padding-left: 5px; padding-bottom: 10px; padding-right: 5px;\"  itemscope itemtype=\"https:\/\/schema.org\/ImageObject\"><div class=\"envira-gallery-item-inner\"><div class=\"envira-gallery-position-overlay  envira-gallery-top-left\"><\/div><div class=\"envira-gallery-position-overlay  envira-gallery-top-right\"><\/div><div class=\"envira-gallery-position-overlay  envira-gallery-bottom-left\"><\/div><div class=\"envira-gallery-position-overlay  envira-gallery-bottom-right\"><\/div><a href=\"https:\/\/missgraphique.fr\/wp-content\/uploads\/2025\/03\/Plaquette-Leader.jpg\" class=\"envira-gallery-261 envira-gallery-link\" rel=\"enviragallery261\" title=\"Plaquette pour le programme Leader\" data-envira-caption=\"Plaquette pour le programme Leader\" data-envira-retina=\"\" data-thumbnail=\"\"  itemprop=\"contentUrl\"><img decoding=\"async\" id=\"envira-gallery-image-262\" class=\"envira-gallery-image envira-gallery-image-4 envira-normal envira-lazy\" data-envira-index=\"4\" src=\"https:\/\/missgraphique.fr\/wp-content\/uploads\/2025\/03\/Plaquette-Leader-1024x712-640x480.jpg\" data-envira-src=\"https:\/\/missgraphique.fr\/wp-content\/uploads\/2025\/03\/Plaquette-Leader-1024x712-640x480.jpg\" data-envira-gallery-id=\"261\" data-envira-item-id=\"262\" data-envira-caption=\"Plaquette pour le programme Leader\" alt=\"\" title=\"Plaquette pour le programme Leader\"  itemprop=\"thumbnailUrl\" data-envira-srcset=\"https:\/\/missgraphique.fr\/wp-content\/uploads\/2025\/03\/Plaquette-Leader-1024x712-640x480.jpg 400w,https:\/\/missgraphique.fr\/wp-content\/uploads\/2025\/03\/Plaquette-Leader-1024x712-640x480.jpg 2x\" data-envira-width=\"300\" data-envira-height=\"209\" srcset=\"data:image\/gif;base64,R0lGODlhAQABAIAAAP\/\/\/\/\/\/\/yH5BAEKAAEALAAAAAABAAEAAAICTAEAOw==\" data-safe-src=\"data:image\/gif;base64,R0lGODlhAQABAIAAAP\/\/\/\/\/\/\/yH5BAEKAAEALAAAAAABAAEAAAICTAEAOw==\" \/><\/a><\/div><\/div><div id=\"envira-gallery-item-265\" class=\"envira-gallery-item enviratope-item envira-gallery-item-5 envira-lazy-load\" style=\"padding-left: 5px; padding-bottom: 10px; padding-right: 5px;\"  itemscope itemtype=\"https:\/\/schema.org\/ImageObject\"><div class=\"envira-gallery-item-inner\"><div class=\"envira-gallery-position-overlay  envira-gallery-top-left\"><\/div><div class=\"envira-gallery-position-overlay  envira-gallery-top-right\"><\/div><div class=\"envira-gallery-position-overlay  envira-gallery-bottom-left\"><\/div><div class=\"envira-gallery-position-overlay  envira-gallery-bottom-right\"><\/div><a href=\"https:\/\/missgraphique.fr\/wp-content\/uploads\/2025\/03\/Brochure_LUMM.jpg\" class=\"envira-gallery-261 envira-gallery-link\" rel=\"enviragallery261\" title=\"Brochure LUMM\" data-envira-caption=\"Brochure LUMM\" data-envira-retina=\"\" data-thumbnail=\"\"  itemprop=\"contentUrl\"><img decoding=\"async\" id=\"envira-gallery-image-265\" class=\"envira-gallery-image envira-gallery-image-5 envira-normal envira-lazy\" data-envira-index=\"5\" src=\"https:\/\/missgraphique.fr\/wp-content\/uploads\/2025\/03\/Brochure_LUMM-1024x682-640x480.jpg\" data-envira-src=\"https:\/\/missgraphique.fr\/wp-content\/uploads\/2025\/03\/Brochure_LUMM-1024x682-640x480.jpg\" data-envira-gallery-id=\"261\" data-envira-item-id=\"265\" data-envira-caption=\"Brochure LUMM\" alt=\"\" title=\"Brochure LUMM\"  itemprop=\"thumbnailUrl\" data-envira-srcset=\"https:\/\/missgraphique.fr\/wp-content\/uploads\/2025\/03\/Brochure_LUMM-1024x682-640x480.jpg 400w,https:\/\/missgraphique.fr\/wp-content\/uploads\/2025\/03\/Brochure_LUMM-1024x682-640x480.jpg 2x\" data-envira-width=\"300\" data-envira-height=\"200\" srcset=\"data:image\/gif;base64,R0lGODlhAQABAIAAAP\/\/\/\/\/\/\/yH5BAEKAAEALAAAAAABAAEAAAICTAEAOw==\" data-safe-src=\"data:image\/gif;base64,R0lGODlhAQABAIAAAP\/\/\/\/\/\/\/yH5BAEKAAEALAAAAAABAAEAAAICTAEAOw==\" \/><\/a><\/div><\/div><div id=\"envira-gallery-item-264\" class=\"envira-gallery-item enviratope-item envira-gallery-item-6 envira-lazy-load\" style=\"padding-left: 5px; padding-bottom: 10px; padding-right: 5px;\"  itemscope itemtype=\"https:\/\/schema.org\/ImageObject\"><div class=\"envira-gallery-item-inner\"><div class=\"envira-gallery-position-overlay  envira-gallery-top-left\"><\/div><div class=\"envira-gallery-position-overlay  envira-gallery-top-right\"><\/div><div class=\"envira-gallery-position-overlay  envira-gallery-bottom-left\"><\/div><div class=\"envira-gallery-position-overlay  envira-gallery-bottom-right\"><\/div><a href=\"https:\/\/missgraphique.fr\/wp-content\/uploads\/2025\/03\/Affiche-Nomad.jpg\" class=\"envira-gallery-261 envira-gallery-link\" rel=\"enviragallery261\" title=\"Affiche Forum de l&amp;#039;emploi saisonnier\" data-envira-caption=\"Affiche Forum de l&amp;#039;emploi saisonnier\" data-envira-retina=\"\" data-thumbnail=\"\"  itemprop=\"contentUrl\"><img decoding=\"async\" id=\"envira-gallery-image-264\" class=\"envira-gallery-image envira-gallery-image-6 envira-normal envira-lazy\" data-envira-index=\"6\" src=\"https:\/\/missgraphique.fr\/wp-content\/uploads\/2025\/03\/Affiche-Nomad-1024x682-640x480.jpg\" data-envira-src=\"https:\/\/missgraphique.fr\/wp-content\/uploads\/2025\/03\/Affiche-Nomad-1024x682-640x480.jpg\" data-envira-gallery-id=\"261\" data-envira-item-id=\"264\" data-envira-caption=\"Affiche Forum de l&amp;#039;emploi saisonnier\" alt=\"\" title=\"Affiche Forum de l'emploi saisonnier\"  itemprop=\"thumbnailUrl\" data-envira-srcset=\"https:\/\/missgraphique.fr\/wp-content\/uploads\/2025\/03\/Affiche-Nomad-1024x682-640x480.jpg 400w,https:\/\/missgraphique.fr\/wp-content\/uploads\/2025\/03\/Affiche-Nomad-1024x682-640x480.jpg 2x\" data-envira-width=\"300\" data-envira-height=\"200\" srcset=\"data:image\/gif;base64,R0lGODlhAQABAIAAAP\/\/\/\/\/\/\/yH5BAEKAAEALAAAAAABAAEAAAICTAEAOw==\" data-safe-src=\"data:image\/gif;base64,R0lGODlhAQABAIAAAP\/\/\/\/\/\/\/yH5BAEKAAEALAAAAAABAAEAAAICTAEAOw==\" \/><\/a><\/div><\/div><\/div><\/div><noscript><img decoding=\"async\" src=\"https:\/\/missgraphique.fr\/wp-content\/uploads\/2025\/03\/CCN-Umanens.jpg\" alt=\"\" \/><img decoding=\"async\" src=\"https:\/\/missgraphique.fr\/wp-content\/uploads\/2025\/03\/Plaquette-Umanens.jpg\" alt=\"\" \/><img decoding=\"async\" src=\"https:\/\/missgraphique.fr\/wp-content\/uploads\/2025\/03\/Fyer-Umanens.jpg\" alt=\"\" \/><img decoding=\"async\" src=\"https:\/\/missgraphique.fr\/wp-content\/uploads\/2025\/03\/Plaquette-Leader.jpg\" alt=\"\" \/><img decoding=\"async\" src=\"https:\/\/missgraphique.fr\/wp-content\/uploads\/2025\/03\/Brochure_LUMM.jpg\" alt=\"\" \/><img decoding=\"async\" src=\"https:\/\/missgraphique.fr\/wp-content\/uploads\/2025\/03\/Affiche-Nomad.jpg\" alt=\"\" \/><\/noscript>\n\n\n\n<div style=\"height:50px\" aria-hidden=\"true\" class=\"wp-block-spacer\"><\/div>\n","protected":false},"excerpt":{"rendered":"<p>Besoin de supports de communication qui font la diff\u00e9rence ? Print, branding, PLV, packaging, supports commerciaux ou visuels impactants pour vos r\u00e9seaux sociaux&#8230; Sp\u00e9cialis\u00e9e en\u00a0pr\u00e9sentation PowerPoint, mon expertise s\u2019inscrit dans une\u00a0approche globale du design.Elle s\u2019appuie sur une solide exp\u00e9rience en\u00a0design graphique et communication visuelle, me permettant de vous accompagner \u00e9galement [&hellip;]<\/p>\n","protected":false},"author":1,"featured_media":0,"parent":0,"menu_order":0,"comment_status":"closed","ping_status":"closed","template":"","meta":{"footnotes":""},"class_list":["post-72","page","type-page","status-publish","hentry"],"_links":{"self":[{"href":"https:\/\/missgraphique.fr\/index.php\/wp-json\/wp\/v2\/pages\/72","targetHints":{"allow":["GET"]}}],"collection":[{"href":"https:\/\/missgraphique.fr\/index.php\/wp-json\/wp\/v2\/pages"}],"about":[{"href":"https:\/\/missgraphique.fr\/index.php\/wp-json\/wp\/v2\/types\/page"}],"author":[{"embeddable":true,"href":"https:\/\/missgraphique.fr\/index.php\/wp-json\/wp\/v2\/users\/1"}],"replies":[{"embeddable":true,"href":"https:\/\/missgraphique.fr\/index.php\/wp-json\/wp\/v2\/comments?post=72"}],"version-history":[{"count":21,"href":"https:\/\/missgraphique.fr\/index.php\/wp-json\/wp\/v2\/pages\/72\/revisions"}],"predecessor-version":[{"id":495,"href":"https:\/\/missgraphique.fr\/index.php\/wp-json\/wp\/v2\/pages\/72\/revisions\/495"}],"wp:attachment":[{"href":"https:\/\/missgraphique.fr\/index.php\/wp-json\/wp\/v2\/media?parent=72"}],"curies":[{"name":"wp","href":"https:\/\/api.w.org\/{rel}","templated":true}]}}