{"id":333,"date":"2026-01-22T17:32:26","date_gmt":"2026-01-22T16:32:26","guid":{"rendered":"https:\/\/missgraphique.fr\/?page_id=333"},"modified":"2026-01-23T11:36:26","modified_gmt":"2026-01-23T10:36:26","slug":"miss-graphique","status":"publish","type":"page","link":"https:\/\/missgraphique.fr\/index.php\/miss-graphique\/","title":{"rendered":"MISS GRAPHIQUE"},"content":{"rendered":"<div class=\"wp-block-image is-style-rounded\">\n<figure class=\"aligncenter size-large is-resized\"><img decoding=\"async\" width=\"708\" height=\"1024\" src=\"https:\/\/missgraphique.fr\/wp-content\/uploads\/2026\/01\/CC678785-F634-455A-82EA-92CF014CEBAE_1_102_o-copie-708x1024.jpg\" alt=\"\" class=\"wp-image-357\" style=\"object-fit:cover;width:200px;height:200px\" srcset=\"https:\/\/missgraphique.fr\/wp-content\/uploads\/2026\/01\/CC678785-F634-455A-82EA-92CF014CEBAE_1_102_o-copie-708x1024.jpg 708w, https:\/\/missgraphique.fr\/wp-content\/uploads\/2026\/01\/CC678785-F634-455A-82EA-92CF014CEBAE_1_102_o-copie-207x300.jpg 207w, https:\/\/missgraphique.fr\/wp-content\/uploads\/2026\/01\/CC678785-F634-455A-82EA-92CF014CEBAE_1_102_o-copie-768x1112.jpg 768w, https:\/\/missgraphique.fr\/wp-content\/uploads\/2026\/01\/CC678785-F634-455A-82EA-92CF014CEBAE_1_102_o-copie.jpg 901w\" sizes=\"(max-width: 708px) 100vw, 708px\" \/><\/figure>\n<\/div>\n\n\n<div style=\"height:40px\" aria-hidden=\"true\" class=\"wp-block-spacer\"><\/div>\n\n\n\n<p class=\"has-text-align-center has-accent-color has-text-color has-link-color has-medium-font-size wp-elements-27dc7aaf7c5947089c3428f14737094a\"><strong>Bienvenue chez Miss Graphique, <\/strong><br><strong>je suis Sabrina.<\/strong><\/p>\n\n\n\n<div style=\"height:20px\" aria-hidden=\"true\" class=\"wp-block-spacer\"><\/div>\n\n\n\n<p class=\"has-text-align-center\" style=\"font-size:17px\">Je suis sp\u00e9cialis\u00e9e dans la\u00a0cr\u00e9ation de pr\u00e9sentations PowerPoint professionnelles <br>et de masques personnalis\u00e9s : <br>con\u00e7us pour renforcer l\u2019impact visuel de vos messages, <br>garantir une\u00a0coh\u00e9rence graphique\u00a0avec votre identit\u00e9 de marque <br>et faire gagner du temps \u00e0 vos \u00e9quipes gr\u00e2ce \u00e0 des templates clairs et efficaces.<\/p>\n\n\n\n<h6 class=\"wp-block-heading has-text-align-center\">&#8211;<\/h6>\n\n\n\n<p class=\"has-text-align-center\" style=\"font-size:17px\">J\u2019interviens notamment sur la cr\u00e9ation ou refonte de&nbsp;masques PowerPoint corporate, <br>le design de pr\u00e9sentations commerciales et institutionnelles, <br>ainsi que sur l\u2019am\u00e9lioration de slides existantes (lisibilit\u00e9, hi\u00e9rarchisation). <\/p>\n\n\n\n<h6 class=\"wp-block-heading has-text-align-center\">&#8211;<\/h6>\n\n\n\n<p class=\"has-text-align-center\" style=\"font-size:17px\">Apr\u00e8s avoir travaill\u00e9 plusieurs ann\u00e9es en tant que graphiste salari\u00e9e <br>dans diff\u00e9rentes agences de conseil en communication et design packaging, <br>je suis depuis plus de 10 ans Freelance sp\u00e9cialis\u00e9e en PowerPoint. <\/p>\n\n\n\n<h6 class=\"wp-block-heading has-text-align-center\">&#8211;<\/h6>\n\n\n\n<p class=\"has-text-align-center\" style=\"font-size:17px\">Mon objectif est de vous proposer des services \u00e0 la mesure de vos exigences.&nbsp;<br>Mes diff\u00e9rentes exp\u00e9riences professionnelles me permettront <br>de vous accompagner efficacement et avec rapidit\u00e9 !&nbsp;<\/p>\n\n\n\n<h6 class=\"wp-block-heading has-text-align-center\">&#8211;<\/h6>\n\n\n\n<p class=\"has-text-align-center\" style=\"font-size:17px\">Dynamique et positive, <br>je serais \u00e0 votre \u00e9coute pour r\u00e9aliser vos projets <br>et toujours avec le sourire, c\u2019est important !<\/p>\n\n\n\n<h5 class=\"wp-block-heading has-text-align-center\">   ***<\/h5>\n\n\n\n<div style=\"height:50px\" aria-hidden=\"true\" class=\"wp-block-spacer\"><\/div>\n\n\n\n<p style=\"font-size:17px\"><\/p>\n","protected":false},"excerpt":{"rendered":"<p>Bienvenue chez Miss Graphique, je suis Sabrina. Je suis sp\u00e9cialis\u00e9e dans la\u00a0cr\u00e9ation de pr\u00e9sentations PowerPoint professionnelles et de masques personnalis\u00e9s : con\u00e7us pour renforcer l\u2019impact visuel de vos messages, garantir une\u00a0coh\u00e9rence graphique\u00a0avec votre identit\u00e9 de marque et faire gagner du temps \u00e0 vos \u00e9quipes gr\u00e2ce \u00e0 des templates clairs et [&hellip;]<\/p>\n","protected":false},"author":1,"featured_media":0,"parent":0,"menu_order":0,"comment_status":"closed","ping_status":"closed","template":"","meta":{"footnotes":""},"class_list":["post-333","page","type-page","status-publish","hentry"],"_links":{"self":[{"href":"https:\/\/missgraphique.fr\/index.php\/wp-json\/wp\/v2\/pages\/333","targetHints":{"allow":["GET"]}}],"collection":[{"href":"https:\/\/missgraphique.fr\/index.php\/wp-json\/wp\/v2\/pages"}],"about":[{"href":"https:\/\/missgraphique.fr\/index.php\/wp-json\/wp\/v2\/types\/page"}],"author":[{"embeddable":true,"href":"https:\/\/missgraphique.fr\/index.php\/wp-json\/wp\/v2\/users\/1"}],"replies":[{"embeddable":true,"href":"https:\/\/missgraphique.fr\/index.php\/wp-json\/wp\/v2\/comments?post=333"}],"version-history":[{"count":32,"href":"https:\/\/missgraphique.fr\/index.php\/wp-json\/wp\/v2\/pages\/333\/revisions"}],"predecessor-version":[{"id":489,"href":"https:\/\/missgraphique.fr\/index.php\/wp-json\/wp\/v2\/pages\/333\/revisions\/489"}],"wp:attachment":[{"href":"https:\/\/missgraphique.fr\/index.php\/wp-json\/wp\/v2\/media?parent=333"}],"curies":[{"name":"wp","href":"https:\/\/api.w.org\/{rel}","templated":true}]}}